{"id":2092,"date":"2019-02-03T17:00:15","date_gmt":"2019-02-03T17:00:15","guid":{"rendered":"https:\/\/www.soundsystem.world\/?page_id=2092"},"modified":"2020-10-21T13:14:32","modified_gmt":"2020-10-21T13:14:32","slug":"soundsystem-eintragen","status":"publish","type":"page","link":"https:\/\/www.soundsystem.world\/de\/soundsystem-eintragen\/","title":{"rendered":"Soundsystem eintragen"},"content":{"rendered":"\n<p>Dein Soundsystem auf der Karte? Bitte f\u00fclle das untenstehende Formular aus.<\/p>\n\n\n\n<p>Bereits auf der Karte, aber Details wie Bild &amp; Bio &amp; Weblink fehlen? Bitte f\u00fcll auch das Formular aus, wir werden deinen Eintrag so schnell wie m\u00f6glich aktualisieren.<\/p>\n\n\n\n<p>Bei diesem Projekt geht es um Original-Soundsysteme, die ihre eigenen, \u00f6ffentlichen Soundsystem-Sitzungen durchf\u00fchren. Bitte keine Living-Room-Soundsystems! Wir akzeptieren Reggae, Dub, Steppers &amp; Roots gewidmete Soundsystems.<\/p>\n\n\n\n<p>NEU: Nach der Einreichung erh\u00e4lst du eine E-Mail mit Login-Daten. Mit dem Login kannst du deine Soundsystem-Seite auf dem neuesten Stand halten und Soundsystem Sessions auf die Karte bringen!<\/p>\n","protected":false},"excerpt":{"rendered":"<p>Dein Soundsystem auf der Karte? Bitte f\u00fclle das untenstehende Formular aus. Bereits auf der Karte, aber Details wie Bild &amp; Bio &amp; Weblink fehlen? Bitte f\u00fcll auch das Formular aus, wir werden deinen Eintrag so schnell wie m\u00f6glich aktualisieren. Bei diesem Projekt geht es um Original-Soundsysteme, die ihre eigenen, \u00f6ffentlichen Soundsystem-Sitzungen durchf\u00fchren. Bitte keine Living-Room-Soundsystems! &hellip; <a href=\"https:\/\/www.soundsystem.world\/de\/soundsystem-eintragen\/\" class=\"more-link\"><span class=\"screen-reader-text\">\u201eSoundsystem eintragen\u201c <\/span>weiterlesen<\/a><\/p>\n","protected":false},"author":1,"featured_media":0,"parent":0,"menu_order":0,"comment_status":"closed","ping_status":"closed","template":"submit-soundsystem.php","meta":{"_acf_changed":false,"footnotes":""},"class_list":["post-2092","page","type-page","status-publish","hentry"],"acf":[],"yoast_head":"<!-- This site is optimized with the Yoast SEO plugin v27.4 - https:\/\/yoast.com\/product\/yoast-seo-wordpress\/ -->\n<title>Soundsystem eintragen - soundsystem.world<\/title>\n<meta name=\"robots\" content=\"index, follow, max-snippet:-1, max-image-preview:large, max-video-preview:-1\" \/>\n<link rel=\"canonical\" href=\"https:\/\/www.soundsystem.world\/de\/soundsystem-eintragen\/\" \/>\n<meta property=\"og:locale\" content=\"de_DE\" \/>\n<meta property=\"og:type\" content=\"article\" \/>\n<meta property=\"og:title\" content=\"Soundsystem eintragen - soundsystem.world\" \/>\n<meta property=\"og:description\" content=\"Dein Soundsystem auf der Karte? Bitte f\u00fclle das untenstehende Formular aus. Bereits auf der Karte, aber Details wie Bild &amp; Bio &amp; Weblink fehlen? Bitte f\u00fcll auch das Formular aus, wir werden deinen Eintrag so schnell wie m\u00f6glich aktualisieren. Bei diesem Projekt geht es um Original-Soundsysteme, die ihre eigenen, \u00f6ffentlichen Soundsystem-Sitzungen durchf\u00fchren. Bitte keine Living-Room-Soundsystems! &hellip; \u201eSoundsystem eintragen\u201c weiterlesen\" \/>\n<meta property=\"og:url\" content=\"https:\/\/www.soundsystem.world\/de\/soundsystem-eintragen\/\" \/>\n<meta property=\"og:site_name\" content=\"soundsystem.world\" \/>\n<meta property=\"article:publisher\" content=\"https:\/\/www.facebook.com\/PlanetOfSoundsystems\/\" \/>\n<meta property=\"article:modified_time\" content=\"2020-10-21T13:14:32+00:00\" \/>\n<meta name=\"twitter:card\" content=\"summary_large_image\" \/>\n<script type=\"application\/ld+json\" class=\"yoast-schema-graph\">{\"@context\":\"https:\\\/\\\/schema.org\",\"@graph\":[{\"@type\":\"WebPage\",\"@id\":\"https:\\\/\\\/www.soundsystem.world\\\/de\\\/soundsystem-eintragen\\\/\",\"url\":\"https:\\\/\\\/www.soundsystem.world\\\/de\\\/soundsystem-eintragen\\\/\",\"name\":\"Soundsystem eintragen - soundsystem.world\",\"isPartOf\":{\"@id\":\"https:\\\/\\\/www.soundsystem.world\\\/#website\"},\"datePublished\":\"2019-02-03T17:00:15+00:00\",\"dateModified\":\"2020-10-21T13:14:32+00:00\",\"breadcrumb\":{\"@id\":\"https:\\\/\\\/www.soundsystem.world\\\/de\\\/soundsystem-eintragen\\\/#breadcrumb\"},\"inLanguage\":\"de\",\"potentialAction\":[{\"@type\":\"ReadAction\",\"target\":[\"https:\\\/\\\/www.soundsystem.world\\\/de\\\/soundsystem-eintragen\\\/\"]}]},{\"@type\":\"BreadcrumbList\",\"@id\":\"https:\\\/\\\/www.soundsystem.world\\\/de\\\/soundsystem-eintragen\\\/#breadcrumb\",\"itemListElement\":[{\"@type\":\"ListItem\",\"position\":1,\"name\":\"Home\",\"item\":\"https:\\\/\\\/www.soundsystem.world\\\/de\\\/\"},{\"@type\":\"ListItem\",\"position\":2,\"name\":\"Soundsystem eintragen\"}]},{\"@type\":\"WebSite\",\"@id\":\"https:\\\/\\\/www.soundsystem.world\\\/#website\",\"url\":\"https:\\\/\\\/www.soundsystem.world\\\/\",\"name\":\"soundsystem.world\",\"description\":\"international map of original soundsystems\",\"publisher\":{\"@id\":\"https:\\\/\\\/www.soundsystem.world\\\/#organization\"},\"potentialAction\":[{\"@type\":\"SearchAction\",\"target\":{\"@type\":\"EntryPoint\",\"urlTemplate\":\"https:\\\/\\\/www.soundsystem.world\\\/?s={search_term_string}\"},\"query-input\":{\"@type\":\"PropertyValueSpecification\",\"valueRequired\":true,\"valueName\":\"search_term_string\"}}],\"inLanguage\":\"de\"},{\"@type\":\"Organization\",\"@id\":\"https:\\\/\\\/www.soundsystem.world\\\/#organization\",\"name\":\"soundsystem.world\",\"url\":\"https:\\\/\\\/www.soundsystem.world\\\/\",\"logo\":{\"@type\":\"ImageObject\",\"inLanguage\":\"de\",\"@id\":\"https:\\\/\\\/www.soundsystem.world\\\/#\\\/schema\\\/logo\\\/image\\\/\",\"url\":\"https:\\\/\\\/www.soundsystem.world\\\/wp-content\\\/uploads\\\/2019\\\/01\\\/placeholder-4.jpg\",\"contentUrl\":\"https:\\\/\\\/www.soundsystem.world\\\/wp-content\\\/uploads\\\/2019\\\/01\\\/placeholder-4.jpg\",\"width\":1500,\"height\":1500,\"caption\":\"soundsystem.world\"},\"image\":{\"@id\":\"https:\\\/\\\/www.soundsystem.world\\\/#\\\/schema\\\/logo\\\/image\\\/\"},\"sameAs\":[\"https:\\\/\\\/www.facebook.com\\\/PlanetOfSoundsystems\\\/\"]}]}<\/script>\n<!-- \/ Yoast SEO plugin. -->","yoast_head_json":{"title":"Soundsystem eintragen - soundsystem.world","robots":{"index":"index","follow":"follow","max-snippet":"max-snippet:-1","max-image-preview":"max-image-preview:large","max-video-preview":"max-video-preview:-1"},"canonical":"https:\/\/www.soundsystem.world\/de\/soundsystem-eintragen\/","og_locale":"de_DE","og_type":"article","og_title":"Soundsystem eintragen - soundsystem.world","og_description":"Dein Soundsystem auf der Karte? Bitte f\u00fclle das untenstehende Formular aus. Bereits auf der Karte, aber Details wie Bild &amp; Bio &amp; Weblink fehlen? Bitte f\u00fcll auch das Formular aus, wir werden deinen Eintrag so schnell wie m\u00f6glich aktualisieren. Bei diesem Projekt geht es um Original-Soundsysteme, die ihre eigenen, \u00f6ffentlichen Soundsystem-Sitzungen durchf\u00fchren. Bitte keine Living-Room-Soundsystems! &hellip; \u201eSoundsystem eintragen\u201c weiterlesen","og_url":"https:\/\/www.soundsystem.world\/de\/soundsystem-eintragen\/","og_site_name":"soundsystem.world","article_publisher":"https:\/\/www.facebook.com\/PlanetOfSoundsystems\/","article_modified_time":"2020-10-21T13:14:32+00:00","twitter_card":"summary_large_image","schema":{"@context":"https:\/\/schema.org","@graph":[{"@type":"WebPage","@id":"https:\/\/www.soundsystem.world\/de\/soundsystem-eintragen\/","url":"https:\/\/www.soundsystem.world\/de\/soundsystem-eintragen\/","name":"Soundsystem eintragen - soundsystem.world","isPartOf":{"@id":"https:\/\/www.soundsystem.world\/#website"},"datePublished":"2019-02-03T17:00:15+00:00","dateModified":"2020-10-21T13:14:32+00:00","breadcrumb":{"@id":"https:\/\/www.soundsystem.world\/de\/soundsystem-eintragen\/#breadcrumb"},"inLanguage":"de","potentialAction":[{"@type":"ReadAction","target":["https:\/\/www.soundsystem.world\/de\/soundsystem-eintragen\/"]}]},{"@type":"BreadcrumbList","@id":"https:\/\/www.soundsystem.world\/de\/soundsystem-eintragen\/#breadcrumb","itemListElement":[{"@type":"ListItem","position":1,"name":"Home","item":"https:\/\/www.soundsystem.world\/de\/"},{"@type":"ListItem","position":2,"name":"Soundsystem eintragen"}]},{"@type":"WebSite","@id":"https:\/\/www.soundsystem.world\/#website","url":"https:\/\/www.soundsystem.world\/","name":"soundsystem.world","description":"international map of original soundsystems","publisher":{"@id":"https:\/\/www.soundsystem.world\/#organization"},"potentialAction":[{"@type":"SearchAction","target":{"@type":"EntryPoint","urlTemplate":"https:\/\/www.soundsystem.world\/?s={search_term_string}"},"query-input":{"@type":"PropertyValueSpecification","valueRequired":true,"valueName":"search_term_string"}}],"inLanguage":"de"},{"@type":"Organization","@id":"https:\/\/www.soundsystem.world\/#organization","name":"soundsystem.world","url":"https:\/\/www.soundsystem.world\/","logo":{"@type":"ImageObject","inLanguage":"de","@id":"https:\/\/www.soundsystem.world\/#\/schema\/logo\/image\/","url":"https:\/\/www.soundsystem.world\/wp-content\/uploads\/2019\/01\/placeholder-4.jpg","contentUrl":"https:\/\/www.soundsystem.world\/wp-content\/uploads\/2019\/01\/placeholder-4.jpg","width":1500,"height":1500,"caption":"soundsystem.world"},"image":{"@id":"https:\/\/www.soundsystem.world\/#\/schema\/logo\/image\/"},"sameAs":["https:\/\/www.facebook.com\/PlanetOfSoundsystems\/"]}]}},"_links":{"self":[{"href":"https:\/\/www.soundsystem.world\/de\/wp-json\/wp\/v2\/pages\/2092","targetHints":{"allow":["GET"]}}],"collection":[{"href":"https:\/\/www.soundsystem.world\/de\/wp-json\/wp\/v2\/pages"}],"about":[{"href":"https:\/\/www.soundsystem.world\/de\/wp-json\/wp\/v2\/types\/page"}],"author":[{"embeddable":true,"href":"https:\/\/www.soundsystem.world\/de\/wp-json\/wp\/v2\/users\/1"}],"replies":[{"embeddable":true,"href":"https:\/\/www.soundsystem.world\/de\/wp-json\/wp\/v2\/comments?post=2092"}],"version-history":[{"count":6,"href":"https:\/\/www.soundsystem.world\/de\/wp-json\/wp\/v2\/pages\/2092\/revisions"}],"predecessor-version":[{"id":7090,"href":"https:\/\/www.soundsystem.world\/de\/wp-json\/wp\/v2\/pages\/2092\/revisions\/7090"}],"wp:attachment":[{"href":"https:\/\/www.soundsystem.world\/de\/wp-json\/wp\/v2\/media?parent=2092"}],"curies":[{"name":"wp","href":"https:\/\/api.w.org\/{rel}","templated":true}]}}