{"id":6938,"date":"2019-01-26T15:44:18","date_gmt":"2019-01-26T15:44:18","guid":{"rendered":"https:\/\/www.soundsystem.world\/submit\/"},"modified":"2020-10-18T14:57:06","modified_gmt":"2020-10-18T14:57:06","slug":"crear","status":"publish","type":"page","link":"https:\/\/www.soundsystem.world\/es\/crear\/","title":{"rendered":"Crear su sistema de sonido"},"content":{"rendered":"\n<p>\u00bfTu sistema de sonido original en el mapa? Por favor, rellene el siguiente formulario.<\/p>\n\n\n\n<p>\u00bfYa est\u00e1 en el mapa, pero faltan detalles como la imagen, la biograf\u00eda y el enlace web? Por favor, tambi\u00e9n rellene el formulario, actualizaremos su informaci\u00f3n tan pronto como sea posible.<\/p>\n\n\n\n<p>Este proyecto es acerca de los sistemas de sonido originales que est\u00e1n llevando a cabo sus propias sesiones p\u00fablicas de sistemas de sonido. Sin sonidos de sala de estar, por favor! Aceptamos sistemas de sonido dedicados al Reggae, Dub, Steppers &amp; Roots.<\/p>\n\n\n\n<p>NUEVO: Despu\u00e9s de la presentaci\u00f3n, recibir\u00e1s un correo electr\u00f3nico con los datos de acceso de tu propietario de sonido. Con tu login de propietario de sonido puedes mantener tu p\u00e1gina de sistema de sonido actualizada y enviar sesiones de sistema de sonido originales al mapa!<\/p>\n","protected":false},"excerpt":{"rendered":"<p>\u00bfTu sistema de sonido original en el mapa? Por favor, rellene el siguiente formulario. \u00bfYa est\u00e1 en el mapa, pero faltan detalles como la imagen, la biograf\u00eda y el enlace web? Por favor, tambi\u00e9n rellene el formulario, actualizaremos su informaci\u00f3n tan pronto como sea posible. Este proyecto es acerca de los sistemas de sonido originales &hellip; <a href=\"https:\/\/www.soundsystem.world\/es\/crear\/\" class=\"more-link\">Continuar leyendo<span class=\"screen-reader-text\"> \u00abCrear su sistema de sonido\u00bb<\/span><\/a><\/p>\n","protected":false},"author":1,"featured_media":0,"parent":0,"menu_order":0,"comment_status":"closed","ping_status":"closed","template":"submit-soundsystem.php","meta":{"_acf_changed":false,"footnotes":""},"class_list":["post-6938","page","type-page","status-publish","hentry"],"acf":[],"yoast_head":"<!-- This site is optimized with the Yoast SEO plugin v27.5 - https:\/\/yoast.com\/product\/yoast-seo-wordpress\/ -->\n<title>Crear su sistema de sonido - soundsystem.world<\/title>\n<meta name=\"robots\" content=\"index, follow, max-snippet:-1, max-image-preview:large, max-video-preview:-1\" \/>\n<link rel=\"canonical\" href=\"https:\/\/www.soundsystem.world\/es\/crear\/\" \/>\n<meta property=\"og:locale\" content=\"es_ES\" \/>\n<meta property=\"og:type\" content=\"article\" \/>\n<meta property=\"og:title\" content=\"Crear su sistema de sonido - soundsystem.world\" \/>\n<meta property=\"og:description\" content=\"\u00bfTu sistema de sonido original en el mapa? Por favor, rellene el siguiente formulario. \u00bfYa est\u00e1 en el mapa, pero faltan detalles como la imagen, la biograf\u00eda y el enlace web? Por favor, tambi\u00e9n rellene el formulario, actualizaremos su informaci\u00f3n tan pronto como sea posible. Este proyecto es acerca de los sistemas de sonido originales &hellip; Continuar leyendo &quot;Crear su sistema de sonido&quot;\" \/>\n<meta property=\"og:url\" content=\"https:\/\/www.soundsystem.world\/es\/crear\/\" \/>\n<meta property=\"og:site_name\" content=\"soundsystem.world\" \/>\n<meta property=\"article:publisher\" content=\"https:\/\/www.facebook.com\/PlanetOfSoundsystems\/\" \/>\n<meta property=\"article:modified_time\" content=\"2020-10-18T14:57:06+00:00\" \/>\n<meta name=\"twitter:card\" content=\"summary_large_image\" \/>\n<meta name=\"twitter:label1\" content=\"Tiempo de lectura\" \/>\n\t<meta name=\"twitter:data1\" content=\"1 minuto\" \/>\n<script type=\"application\/ld+json\" class=\"yoast-schema-graph\">{\"@context\":\"https:\\\/\\\/schema.org\",\"@graph\":[{\"@type\":\"WebPage\",\"@id\":\"https:\\\/\\\/www.soundsystem.world\\\/es\\\/crear\\\/\",\"url\":\"https:\\\/\\\/www.soundsystem.world\\\/es\\\/crear\\\/\",\"name\":\"Crear su sistema de sonido - soundsystem.world\",\"isPartOf\":{\"@id\":\"https:\\\/\\\/www.soundsystem.world\\\/#website\"},\"datePublished\":\"2019-01-26T15:44:18+00:00\",\"dateModified\":\"2020-10-18T14:57:06+00:00\",\"breadcrumb\":{\"@id\":\"https:\\\/\\\/www.soundsystem.world\\\/es\\\/crear\\\/#breadcrumb\"},\"inLanguage\":\"es\",\"potentialAction\":[{\"@type\":\"ReadAction\",\"target\":[\"https:\\\/\\\/www.soundsystem.world\\\/es\\\/crear\\\/\"]}]},{\"@type\":\"BreadcrumbList\",\"@id\":\"https:\\\/\\\/www.soundsystem.world\\\/es\\\/crear\\\/#breadcrumb\",\"itemListElement\":[{\"@type\":\"ListItem\",\"position\":1,\"name\":\"Home\",\"item\":\"https:\\\/\\\/www.soundsystem.world\\\/es\\\/\"},{\"@type\":\"ListItem\",\"position\":2,\"name\":\"Crear su sistema de sonido\"}]},{\"@type\":\"WebSite\",\"@id\":\"https:\\\/\\\/www.soundsystem.world\\\/#website\",\"url\":\"https:\\\/\\\/www.soundsystem.world\\\/\",\"name\":\"soundsystem.world\",\"description\":\"international map of original soundsystems\",\"publisher\":{\"@id\":\"https:\\\/\\\/www.soundsystem.world\\\/#organization\"},\"potentialAction\":[{\"@type\":\"SearchAction\",\"target\":{\"@type\":\"EntryPoint\",\"urlTemplate\":\"https:\\\/\\\/www.soundsystem.world\\\/?s={search_term_string}\"},\"query-input\":{\"@type\":\"PropertyValueSpecification\",\"valueRequired\":true,\"valueName\":\"search_term_string\"}}],\"inLanguage\":\"es\"},{\"@type\":\"Organization\",\"@id\":\"https:\\\/\\\/www.soundsystem.world\\\/#organization\",\"name\":\"soundsystem.world\",\"url\":\"https:\\\/\\\/www.soundsystem.world\\\/\",\"logo\":{\"@type\":\"ImageObject\",\"inLanguage\":\"es\",\"@id\":\"https:\\\/\\\/www.soundsystem.world\\\/#\\\/schema\\\/logo\\\/image\\\/\",\"url\":\"https:\\\/\\\/www.soundsystem.world\\\/wp-content\\\/uploads\\\/2019\\\/01\\\/placeholder-4.jpg\",\"contentUrl\":\"https:\\\/\\\/www.soundsystem.world\\\/wp-content\\\/uploads\\\/2019\\\/01\\\/placeholder-4.jpg\",\"width\":1500,\"height\":1500,\"caption\":\"soundsystem.world\"},\"image\":{\"@id\":\"https:\\\/\\\/www.soundsystem.world\\\/#\\\/schema\\\/logo\\\/image\\\/\"},\"sameAs\":[\"https:\\\/\\\/www.facebook.com\\\/PlanetOfSoundsystems\\\/\"]}]}<\/script>\n<!-- \/ Yoast SEO plugin. -->","yoast_head_json":{"title":"Crear su sistema de sonido - soundsystem.world","robots":{"index":"index","follow":"follow","max-snippet":"max-snippet:-1","max-image-preview":"max-image-preview:large","max-video-preview":"max-video-preview:-1"},"canonical":"https:\/\/www.soundsystem.world\/es\/crear\/","og_locale":"es_ES","og_type":"article","og_title":"Crear su sistema de sonido - soundsystem.world","og_description":"\u00bfTu sistema de sonido original en el mapa? Por favor, rellene el siguiente formulario. \u00bfYa est\u00e1 en el mapa, pero faltan detalles como la imagen, la biograf\u00eda y el enlace web? Por favor, tambi\u00e9n rellene el formulario, actualizaremos su informaci\u00f3n tan pronto como sea posible. Este proyecto es acerca de los sistemas de sonido originales &hellip; Continuar leyendo \"Crear su sistema de sonido\"","og_url":"https:\/\/www.soundsystem.world\/es\/crear\/","og_site_name":"soundsystem.world","article_publisher":"https:\/\/www.facebook.com\/PlanetOfSoundsystems\/","article_modified_time":"2020-10-18T14:57:06+00:00","twitter_card":"summary_large_image","twitter_misc":{"Tiempo de lectura":"1 minuto"},"schema":{"@context":"https:\/\/schema.org","@graph":[{"@type":"WebPage","@id":"https:\/\/www.soundsystem.world\/es\/crear\/","url":"https:\/\/www.soundsystem.world\/es\/crear\/","name":"Crear su sistema de sonido - soundsystem.world","isPartOf":{"@id":"https:\/\/www.soundsystem.world\/#website"},"datePublished":"2019-01-26T15:44:18+00:00","dateModified":"2020-10-18T14:57:06+00:00","breadcrumb":{"@id":"https:\/\/www.soundsystem.world\/es\/crear\/#breadcrumb"},"inLanguage":"es","potentialAction":[{"@type":"ReadAction","target":["https:\/\/www.soundsystem.world\/es\/crear\/"]}]},{"@type":"BreadcrumbList","@id":"https:\/\/www.soundsystem.world\/es\/crear\/#breadcrumb","itemListElement":[{"@type":"ListItem","position":1,"name":"Home","item":"https:\/\/www.soundsystem.world\/es\/"},{"@type":"ListItem","position":2,"name":"Crear su sistema de sonido"}]},{"@type":"WebSite","@id":"https:\/\/www.soundsystem.world\/#website","url":"https:\/\/www.soundsystem.world\/","name":"soundsystem.world","description":"international map of original soundsystems","publisher":{"@id":"https:\/\/www.soundsystem.world\/#organization"},"potentialAction":[{"@type":"SearchAction","target":{"@type":"EntryPoint","urlTemplate":"https:\/\/www.soundsystem.world\/?s={search_term_string}"},"query-input":{"@type":"PropertyValueSpecification","valueRequired":true,"valueName":"search_term_string"}}],"inLanguage":"es"},{"@type":"Organization","@id":"https:\/\/www.soundsystem.world\/#organization","name":"soundsystem.world","url":"https:\/\/www.soundsystem.world\/","logo":{"@type":"ImageObject","inLanguage":"es","@id":"https:\/\/www.soundsystem.world\/#\/schema\/logo\/image\/","url":"https:\/\/www.soundsystem.world\/wp-content\/uploads\/2019\/01\/placeholder-4.jpg","contentUrl":"https:\/\/www.soundsystem.world\/wp-content\/uploads\/2019\/01\/placeholder-4.jpg","width":1500,"height":1500,"caption":"soundsystem.world"},"image":{"@id":"https:\/\/www.soundsystem.world\/#\/schema\/logo\/image\/"},"sameAs":["https:\/\/www.facebook.com\/PlanetOfSoundsystems\/"]}]}},"_links":{"self":[{"href":"https:\/\/www.soundsystem.world\/es\/wp-json\/wp\/v2\/pages\/6938","targetHints":{"allow":["GET"]}}],"collection":[{"href":"https:\/\/www.soundsystem.world\/es\/wp-json\/wp\/v2\/pages"}],"about":[{"href":"https:\/\/www.soundsystem.world\/es\/wp-json\/wp\/v2\/types\/page"}],"author":[{"embeddable":true,"href":"https:\/\/www.soundsystem.world\/es\/wp-json\/wp\/v2\/users\/1"}],"replies":[{"embeddable":true,"href":"https:\/\/www.soundsystem.world\/es\/wp-json\/wp\/v2\/comments?post=6938"}],"version-history":[{"count":1,"href":"https:\/\/www.soundsystem.world\/es\/wp-json\/wp\/v2\/pages\/6938\/revisions"}],"predecessor-version":[{"id":6940,"href":"https:\/\/www.soundsystem.world\/es\/wp-json\/wp\/v2\/pages\/6938\/revisions\/6940"}],"wp:attachment":[{"href":"https:\/\/www.soundsystem.world\/es\/wp-json\/wp\/v2\/media?parent=6938"}],"curies":[{"name":"wp","href":"https:\/\/api.w.org\/{rel}","templated":true}]}}