{"id":6930,"date":"2018-12-31T12:34:41","date_gmt":"2018-12-31T12:34:41","guid":{"rendered":"https:\/\/www.soundsystem.world\/account\/"},"modified":"2020-10-18T15:51:28","modified_gmt":"2020-10-18T15:51:28","slug":"conta","status":"publish","type":"page","link":"https:\/\/www.soundsystem.world\/pt-br\/conta\/","title":{"rendered":"Conta"},"content":{"rendered":"\n<p>Esta \u00e9 a p\u00e1gina de sua conta. Aqui voc\u00ea pode criar e editar suas p\u00e1ginas e sess\u00f5es do sistema sonoro. Mantenha suas informa\u00e7\u00f5es atualizadas, seus f\u00e3s ficar\u00e3o agradecidos.<\/p>\n","protected":false},"excerpt":{"rendered":"<p>Esta \u00e9 a p\u00e1gina de sua conta. Aqui voc\u00ea pode criar e editar suas p\u00e1ginas e sess\u00f5es do sistema sonoro. Mantenha suas informa\u00e7\u00f5es atualizadas, seus f\u00e3s ficar\u00e3o agradecidos.<\/p>\n","protected":false},"author":1,"featured_media":0,"parent":0,"menu_order":0,"comment_status":"closed","ping_status":"closed","template":"account-new.php","meta":{"_acf_changed":false,"footnotes":""},"class_list":["post-6930","page","type-page","status-publish","hentry"],"acf":[],"yoast_head":"<!-- This site is optimized with the Yoast SEO plugin v27.5 - https:\/\/yoast.com\/product\/yoast-seo-wordpress\/ -->\n<title>Conta - soundsystem.world<\/title>\n<meta name=\"robots\" content=\"index, follow, max-snippet:-1, max-image-preview:large, max-video-preview:-1\" \/>\n<link rel=\"canonical\" href=\"https:\/\/www.soundsystem.world\/pt-br\/conta\/\" \/>\n<meta property=\"og:locale\" content=\"pt_BR\" \/>\n<meta property=\"og:type\" content=\"article\" \/>\n<meta property=\"og:title\" content=\"Conta - soundsystem.world\" \/>\n<meta property=\"og:description\" content=\"Esta \u00e9 a p\u00e1gina de sua conta. Aqui voc\u00ea pode criar e editar suas p\u00e1ginas e sess\u00f5es do sistema sonoro. Mantenha suas informa\u00e7\u00f5es atualizadas, seus f\u00e3s ficar\u00e3o agradecidos.\" \/>\n<meta property=\"og:url\" content=\"https:\/\/www.soundsystem.world\/pt-br\/conta\/\" \/>\n<meta property=\"og:site_name\" content=\"soundsystem.world\" \/>\n<meta property=\"article:publisher\" content=\"https:\/\/www.facebook.com\/PlanetOfSoundsystems\/\" \/>\n<meta property=\"article:modified_time\" content=\"2020-10-18T15:51:28+00:00\" \/>\n<meta name=\"twitter:card\" content=\"summary_large_image\" \/>\n<script type=\"application\/ld+json\" class=\"yoast-schema-graph\">{\"@context\":\"https:\\\/\\\/schema.org\",\"@graph\":[{\"@type\":\"WebPage\",\"@id\":\"https:\\\/\\\/www.soundsystem.world\\\/pt-br\\\/conta\\\/\",\"url\":\"https:\\\/\\\/www.soundsystem.world\\\/pt-br\\\/conta\\\/\",\"name\":\"Conta - soundsystem.world\",\"isPartOf\":{\"@id\":\"https:\\\/\\\/www.soundsystem.world\\\/#website\"},\"datePublished\":\"2018-12-31T12:34:41+00:00\",\"dateModified\":\"2020-10-18T15:51:28+00:00\",\"breadcrumb\":{\"@id\":\"https:\\\/\\\/www.soundsystem.world\\\/pt-br\\\/conta\\\/#breadcrumb\"},\"inLanguage\":\"pt-BR\",\"potentialAction\":[{\"@type\":\"ReadAction\",\"target\":[\"https:\\\/\\\/www.soundsystem.world\\\/pt-br\\\/conta\\\/\"]}]},{\"@type\":\"BreadcrumbList\",\"@id\":\"https:\\\/\\\/www.soundsystem.world\\\/pt-br\\\/conta\\\/#breadcrumb\",\"itemListElement\":[{\"@type\":\"ListItem\",\"position\":1,\"name\":\"Home\",\"item\":\"https:\\\/\\\/www.soundsystem.world\\\/pt-br\\\/\"},{\"@type\":\"ListItem\",\"position\":2,\"name\":\"Conta\"}]},{\"@type\":\"WebSite\",\"@id\":\"https:\\\/\\\/www.soundsystem.world\\\/#website\",\"url\":\"https:\\\/\\\/www.soundsystem.world\\\/\",\"name\":\"soundsystem.world\",\"description\":\"international map of original soundsystems\",\"publisher\":{\"@id\":\"https:\\\/\\\/www.soundsystem.world\\\/#organization\"},\"potentialAction\":[{\"@type\":\"SearchAction\",\"target\":{\"@type\":\"EntryPoint\",\"urlTemplate\":\"https:\\\/\\\/www.soundsystem.world\\\/?s={search_term_string}\"},\"query-input\":{\"@type\":\"PropertyValueSpecification\",\"valueRequired\":true,\"valueName\":\"search_term_string\"}}],\"inLanguage\":\"pt-BR\"},{\"@type\":\"Organization\",\"@id\":\"https:\\\/\\\/www.soundsystem.world\\\/#organization\",\"name\":\"soundsystem.world\",\"url\":\"https:\\\/\\\/www.soundsystem.world\\\/\",\"logo\":{\"@type\":\"ImageObject\",\"inLanguage\":\"pt-BR\",\"@id\":\"https:\\\/\\\/www.soundsystem.world\\\/#\\\/schema\\\/logo\\\/image\\\/\",\"url\":\"https:\\\/\\\/www.soundsystem.world\\\/wp-content\\\/uploads\\\/2019\\\/01\\\/placeholder-4.jpg\",\"contentUrl\":\"https:\\\/\\\/www.soundsystem.world\\\/wp-content\\\/uploads\\\/2019\\\/01\\\/placeholder-4.jpg\",\"width\":1500,\"height\":1500,\"caption\":\"soundsystem.world\"},\"image\":{\"@id\":\"https:\\\/\\\/www.soundsystem.world\\\/#\\\/schema\\\/logo\\\/image\\\/\"},\"sameAs\":[\"https:\\\/\\\/www.facebook.com\\\/PlanetOfSoundsystems\\\/\"]}]}<\/script>\n<!-- \/ Yoast SEO plugin. -->","yoast_head_json":{"title":"Conta - soundsystem.world","robots":{"index":"index","follow":"follow","max-snippet":"max-snippet:-1","max-image-preview":"max-image-preview:large","max-video-preview":"max-video-preview:-1"},"canonical":"https:\/\/www.soundsystem.world\/pt-br\/conta\/","og_locale":"pt_BR","og_type":"article","og_title":"Conta - soundsystem.world","og_description":"Esta \u00e9 a p\u00e1gina de sua conta. Aqui voc\u00ea pode criar e editar suas p\u00e1ginas e sess\u00f5es do sistema sonoro. Mantenha suas informa\u00e7\u00f5es atualizadas, seus f\u00e3s ficar\u00e3o agradecidos.","og_url":"https:\/\/www.soundsystem.world\/pt-br\/conta\/","og_site_name":"soundsystem.world","article_publisher":"https:\/\/www.facebook.com\/PlanetOfSoundsystems\/","article_modified_time":"2020-10-18T15:51:28+00:00","twitter_card":"summary_large_image","schema":{"@context":"https:\/\/schema.org","@graph":[{"@type":"WebPage","@id":"https:\/\/www.soundsystem.world\/pt-br\/conta\/","url":"https:\/\/www.soundsystem.world\/pt-br\/conta\/","name":"Conta - soundsystem.world","isPartOf":{"@id":"https:\/\/www.soundsystem.world\/#website"},"datePublished":"2018-12-31T12:34:41+00:00","dateModified":"2020-10-18T15:51:28+00:00","breadcrumb":{"@id":"https:\/\/www.soundsystem.world\/pt-br\/conta\/#breadcrumb"},"inLanguage":"pt-BR","potentialAction":[{"@type":"ReadAction","target":["https:\/\/www.soundsystem.world\/pt-br\/conta\/"]}]},{"@type":"BreadcrumbList","@id":"https:\/\/www.soundsystem.world\/pt-br\/conta\/#breadcrumb","itemListElement":[{"@type":"ListItem","position":1,"name":"Home","item":"https:\/\/www.soundsystem.world\/pt-br\/"},{"@type":"ListItem","position":2,"name":"Conta"}]},{"@type":"WebSite","@id":"https:\/\/www.soundsystem.world\/#website","url":"https:\/\/www.soundsystem.world\/","name":"soundsystem.world","description":"international map of original soundsystems","publisher":{"@id":"https:\/\/www.soundsystem.world\/#organization"},"potentialAction":[{"@type":"SearchAction","target":{"@type":"EntryPoint","urlTemplate":"https:\/\/www.soundsystem.world\/?s={search_term_string}"},"query-input":{"@type":"PropertyValueSpecification","valueRequired":true,"valueName":"search_term_string"}}],"inLanguage":"pt-BR"},{"@type":"Organization","@id":"https:\/\/www.soundsystem.world\/#organization","name":"soundsystem.world","url":"https:\/\/www.soundsystem.world\/","logo":{"@type":"ImageObject","inLanguage":"pt-BR","@id":"https:\/\/www.soundsystem.world\/#\/schema\/logo\/image\/","url":"https:\/\/www.soundsystem.world\/wp-content\/uploads\/2019\/01\/placeholder-4.jpg","contentUrl":"https:\/\/www.soundsystem.world\/wp-content\/uploads\/2019\/01\/placeholder-4.jpg","width":1500,"height":1500,"caption":"soundsystem.world"},"image":{"@id":"https:\/\/www.soundsystem.world\/#\/schema\/logo\/image\/"},"sameAs":["https:\/\/www.facebook.com\/PlanetOfSoundsystems\/"]}]}},"_links":{"self":[{"href":"https:\/\/www.soundsystem.world\/pt-br\/wp-json\/wp\/v2\/pages\/6930","targetHints":{"allow":["GET"]}}],"collection":[{"href":"https:\/\/www.soundsystem.world\/pt-br\/wp-json\/wp\/v2\/pages"}],"about":[{"href":"https:\/\/www.soundsystem.world\/pt-br\/wp-json\/wp\/v2\/types\/page"}],"author":[{"embeddable":true,"href":"https:\/\/www.soundsystem.world\/pt-br\/wp-json\/wp\/v2\/users\/1"}],"replies":[{"embeddable":true,"href":"https:\/\/www.soundsystem.world\/pt-br\/wp-json\/wp\/v2\/comments?post=6930"}],"version-history":[{"count":3,"href":"https:\/\/www.soundsystem.world\/pt-br\/wp-json\/wp\/v2\/pages\/6930\/revisions"}],"predecessor-version":[{"id":6974,"href":"https:\/\/www.soundsystem.world\/pt-br\/wp-json\/wp\/v2\/pages\/6930\/revisions\/6974"}],"wp:attachment":[{"href":"https:\/\/www.soundsystem.world\/pt-br\/wp-json\/wp\/v2\/media?parent=6930"}],"curies":[{"name":"wp","href":"https:\/\/api.w.org\/{rel}","templated":true}]}}