{"id":6937,"date":"2019-01-26T15:44:18","date_gmt":"2019-01-26T15:44:18","guid":{"rendered":"https:\/\/www.soundsystem.world\/submit\/"},"modified":"2020-10-18T15:15:24","modified_gmt":"2020-10-18T15:15:24","slug":"submeta-soundsystem","status":"publish","type":"page","link":"https:\/\/www.soundsystem.world\/pt-br\/submeta-soundsystem\/","title":{"rendered":"Submeta seu sistema de som"},"content":{"rendered":"\n<p>Seu sistema sonoro original no mapa? Por favor, preencha o formul\u00e1rio abaixo.<\/p>\n\n\n\n<p>J\u00e1 no mapa, mas detalhes como imagem &amp; bio &amp; weblink est\u00e3o faltando? Por favor, preencha tamb\u00e9m o formul\u00e1rio, atualizaremos suas informa\u00e7\u00f5es o mais r\u00e1pido poss\u00edvel.<\/p>\n\n\n\n<p>Este projeto \u00e9 sobre sistemas sonoros originais que est\u00e3o executando suas pr\u00f3prias sess\u00f5es p\u00fablicas de sonoriza\u00e7\u00e3o. Sem sons de sala de estar, por favor! Aceitamos sistemas sonoros dedicados Reggae, Dub, Steppers &amp; Roots.<\/p>\n\n\n\n<p>NOVO: Ap\u00f3s o envio, voc\u00ea receber\u00e1 um e-mail com seus dados de login do propriet\u00e1rio do som. Com seu login de propriet\u00e1rio de som, voc\u00ea poder\u00e1 manter sua p\u00e1gina de sistema de som atualizada e enviar sess\u00f5es originais do sistema de som para o mapa!<\/p>\n","protected":false},"excerpt":{"rendered":"<p>Seu sistema sonoro original no mapa? Por favor, preencha o formul\u00e1rio abaixo. J\u00e1 no mapa, mas detalhes como imagem &amp; bio &amp; weblink est\u00e3o faltando? Por favor, preencha tamb\u00e9m o formul\u00e1rio, atualizaremos suas informa\u00e7\u00f5es o mais r\u00e1pido poss\u00edvel. Este projeto \u00e9 sobre sistemas sonoros originais que est\u00e3o executando suas pr\u00f3prias sess\u00f5es p\u00fablicas de sonoriza\u00e7\u00e3o. Sem &hellip; <a href=\"https:\/\/www.soundsystem.world\/pt-br\/submeta-soundsystem\/\" class=\"more-link\">Continue lendo<span class=\"screen-reader-text\"> &#8220;Submeta seu sistema de som&#8221;<\/span><\/a><\/p>\n","protected":false},"author":1,"featured_media":0,"parent":0,"menu_order":0,"comment_status":"closed","ping_status":"closed","template":"submit-soundsystem.php","meta":{"_acf_changed":false,"footnotes":""},"class_list":["post-6937","page","type-page","status-publish","hentry"],"acf":[],"yoast_head":"<!-- This site is optimized with the Yoast SEO plugin v27.5 - https:\/\/yoast.com\/product\/yoast-seo-wordpress\/ -->\n<title>Submeta seu sistema de som - soundsystem.world<\/title>\n<meta name=\"robots\" content=\"index, follow, max-snippet:-1, max-image-preview:large, max-video-preview:-1\" \/>\n<link rel=\"canonical\" href=\"https:\/\/www.soundsystem.world\/pt-br\/submeta-soundsystem\/\" \/>\n<meta property=\"og:locale\" content=\"pt_BR\" \/>\n<meta property=\"og:type\" content=\"article\" \/>\n<meta property=\"og:title\" content=\"Submeta seu sistema de som - soundsystem.world\" \/>\n<meta property=\"og:description\" content=\"Seu sistema sonoro original no mapa? Por favor, preencha o formul\u00e1rio abaixo. J\u00e1 no mapa, mas detalhes como imagem &amp; bio &amp; weblink est\u00e3o faltando? Por favor, preencha tamb\u00e9m o formul\u00e1rio, atualizaremos suas informa\u00e7\u00f5es o mais r\u00e1pido poss\u00edvel. Este projeto \u00e9 sobre sistemas sonoros originais que est\u00e3o executando suas pr\u00f3prias sess\u00f5es p\u00fablicas de sonoriza\u00e7\u00e3o. Sem &hellip; Continue lendo &quot;Submeta seu sistema de som&quot;\" \/>\n<meta property=\"og:url\" content=\"https:\/\/www.soundsystem.world\/pt-br\/submeta-soundsystem\/\" \/>\n<meta property=\"og:site_name\" content=\"soundsystem.world\" \/>\n<meta property=\"article:publisher\" content=\"https:\/\/www.facebook.com\/PlanetOfSoundsystems\/\" \/>\n<meta property=\"article:modified_time\" content=\"2020-10-18T15:15:24+00:00\" \/>\n<meta name=\"twitter:card\" content=\"summary_large_image\" \/>\n<meta name=\"twitter:label1\" content=\"Est. tempo de leitura\" \/>\n\t<meta name=\"twitter:data1\" content=\"1 minuto\" \/>\n<script type=\"application\/ld+json\" class=\"yoast-schema-graph\">{\"@context\":\"https:\\\/\\\/schema.org\",\"@graph\":[{\"@type\":\"WebPage\",\"@id\":\"https:\\\/\\\/www.soundsystem.world\\\/pt-br\\\/submeta-soundsystem\\\/\",\"url\":\"https:\\\/\\\/www.soundsystem.world\\\/pt-br\\\/submeta-soundsystem\\\/\",\"name\":\"Submeta seu sistema de som - soundsystem.world\",\"isPartOf\":{\"@id\":\"https:\\\/\\\/www.soundsystem.world\\\/#website\"},\"datePublished\":\"2019-01-26T15:44:18+00:00\",\"dateModified\":\"2020-10-18T15:15:24+00:00\",\"breadcrumb\":{\"@id\":\"https:\\\/\\\/www.soundsystem.world\\\/pt-br\\\/submeta-soundsystem\\\/#breadcrumb\"},\"inLanguage\":\"pt-BR\",\"potentialAction\":[{\"@type\":\"ReadAction\",\"target\":[\"https:\\\/\\\/www.soundsystem.world\\\/pt-br\\\/submeta-soundsystem\\\/\"]}]},{\"@type\":\"BreadcrumbList\",\"@id\":\"https:\\\/\\\/www.soundsystem.world\\\/pt-br\\\/submeta-soundsystem\\\/#breadcrumb\",\"itemListElement\":[{\"@type\":\"ListItem\",\"position\":1,\"name\":\"Home\",\"item\":\"https:\\\/\\\/www.soundsystem.world\\\/pt-br\\\/\"},{\"@type\":\"ListItem\",\"position\":2,\"name\":\"Submeta seu sistema de som\"}]},{\"@type\":\"WebSite\",\"@id\":\"https:\\\/\\\/www.soundsystem.world\\\/#website\",\"url\":\"https:\\\/\\\/www.soundsystem.world\\\/\",\"name\":\"soundsystem.world\",\"description\":\"international map of original soundsystems\",\"publisher\":{\"@id\":\"https:\\\/\\\/www.soundsystem.world\\\/#organization\"},\"potentialAction\":[{\"@type\":\"SearchAction\",\"target\":{\"@type\":\"EntryPoint\",\"urlTemplate\":\"https:\\\/\\\/www.soundsystem.world\\\/?s={search_term_string}\"},\"query-input\":{\"@type\":\"PropertyValueSpecification\",\"valueRequired\":true,\"valueName\":\"search_term_string\"}}],\"inLanguage\":\"pt-BR\"},{\"@type\":\"Organization\",\"@id\":\"https:\\\/\\\/www.soundsystem.world\\\/#organization\",\"name\":\"soundsystem.world\",\"url\":\"https:\\\/\\\/www.soundsystem.world\\\/\",\"logo\":{\"@type\":\"ImageObject\",\"inLanguage\":\"pt-BR\",\"@id\":\"https:\\\/\\\/www.soundsystem.world\\\/#\\\/schema\\\/logo\\\/image\\\/\",\"url\":\"https:\\\/\\\/www.soundsystem.world\\\/wp-content\\\/uploads\\\/2019\\\/01\\\/placeholder-4.jpg\",\"contentUrl\":\"https:\\\/\\\/www.soundsystem.world\\\/wp-content\\\/uploads\\\/2019\\\/01\\\/placeholder-4.jpg\",\"width\":1500,\"height\":1500,\"caption\":\"soundsystem.world\"},\"image\":{\"@id\":\"https:\\\/\\\/www.soundsystem.world\\\/#\\\/schema\\\/logo\\\/image\\\/\"},\"sameAs\":[\"https:\\\/\\\/www.facebook.com\\\/PlanetOfSoundsystems\\\/\"]}]}<\/script>\n<!-- \/ Yoast SEO plugin. -->","yoast_head_json":{"title":"Submeta seu sistema de som - soundsystem.world","robots":{"index":"index","follow":"follow","max-snippet":"max-snippet:-1","max-image-preview":"max-image-preview:large","max-video-preview":"max-video-preview:-1"},"canonical":"https:\/\/www.soundsystem.world\/pt-br\/submeta-soundsystem\/","og_locale":"pt_BR","og_type":"article","og_title":"Submeta seu sistema de som - soundsystem.world","og_description":"Seu sistema sonoro original no mapa? Por favor, preencha o formul\u00e1rio abaixo. J\u00e1 no mapa, mas detalhes como imagem &amp; bio &amp; weblink est\u00e3o faltando? Por favor, preencha tamb\u00e9m o formul\u00e1rio, atualizaremos suas informa\u00e7\u00f5es o mais r\u00e1pido poss\u00edvel. Este projeto \u00e9 sobre sistemas sonoros originais que est\u00e3o executando suas pr\u00f3prias sess\u00f5es p\u00fablicas de sonoriza\u00e7\u00e3o. Sem &hellip; Continue lendo \"Submeta seu sistema de som\"","og_url":"https:\/\/www.soundsystem.world\/pt-br\/submeta-soundsystem\/","og_site_name":"soundsystem.world","article_publisher":"https:\/\/www.facebook.com\/PlanetOfSoundsystems\/","article_modified_time":"2020-10-18T15:15:24+00:00","twitter_card":"summary_large_image","twitter_misc":{"Est. tempo de leitura":"1 minuto"},"schema":{"@context":"https:\/\/schema.org","@graph":[{"@type":"WebPage","@id":"https:\/\/www.soundsystem.world\/pt-br\/submeta-soundsystem\/","url":"https:\/\/www.soundsystem.world\/pt-br\/submeta-soundsystem\/","name":"Submeta seu sistema de som - soundsystem.world","isPartOf":{"@id":"https:\/\/www.soundsystem.world\/#website"},"datePublished":"2019-01-26T15:44:18+00:00","dateModified":"2020-10-18T15:15:24+00:00","breadcrumb":{"@id":"https:\/\/www.soundsystem.world\/pt-br\/submeta-soundsystem\/#breadcrumb"},"inLanguage":"pt-BR","potentialAction":[{"@type":"ReadAction","target":["https:\/\/www.soundsystem.world\/pt-br\/submeta-soundsystem\/"]}]},{"@type":"BreadcrumbList","@id":"https:\/\/www.soundsystem.world\/pt-br\/submeta-soundsystem\/#breadcrumb","itemListElement":[{"@type":"ListItem","position":1,"name":"Home","item":"https:\/\/www.soundsystem.world\/pt-br\/"},{"@type":"ListItem","position":2,"name":"Submeta seu sistema de som"}]},{"@type":"WebSite","@id":"https:\/\/www.soundsystem.world\/#website","url":"https:\/\/www.soundsystem.world\/","name":"soundsystem.world","description":"international map of original soundsystems","publisher":{"@id":"https:\/\/www.soundsystem.world\/#organization"},"potentialAction":[{"@type":"SearchAction","target":{"@type":"EntryPoint","urlTemplate":"https:\/\/www.soundsystem.world\/?s={search_term_string}"},"query-input":{"@type":"PropertyValueSpecification","valueRequired":true,"valueName":"search_term_string"}}],"inLanguage":"pt-BR"},{"@type":"Organization","@id":"https:\/\/www.soundsystem.world\/#organization","name":"soundsystem.world","url":"https:\/\/www.soundsystem.world\/","logo":{"@type":"ImageObject","inLanguage":"pt-BR","@id":"https:\/\/www.soundsystem.world\/#\/schema\/logo\/image\/","url":"https:\/\/www.soundsystem.world\/wp-content\/uploads\/2019\/01\/placeholder-4.jpg","contentUrl":"https:\/\/www.soundsystem.world\/wp-content\/uploads\/2019\/01\/placeholder-4.jpg","width":1500,"height":1500,"caption":"soundsystem.world"},"image":{"@id":"https:\/\/www.soundsystem.world\/#\/schema\/logo\/image\/"},"sameAs":["https:\/\/www.facebook.com\/PlanetOfSoundsystems\/"]}]}},"_links":{"self":[{"href":"https:\/\/www.soundsystem.world\/pt-br\/wp-json\/wp\/v2\/pages\/6937","targetHints":{"allow":["GET"]}}],"collection":[{"href":"https:\/\/www.soundsystem.world\/pt-br\/wp-json\/wp\/v2\/pages"}],"about":[{"href":"https:\/\/www.soundsystem.world\/pt-br\/wp-json\/wp\/v2\/types\/page"}],"author":[{"embeddable":true,"href":"https:\/\/www.soundsystem.world\/pt-br\/wp-json\/wp\/v2\/users\/1"}],"replies":[{"embeddable":true,"href":"https:\/\/www.soundsystem.world\/pt-br\/wp-json\/wp\/v2\/comments?post=6937"}],"version-history":[{"count":1,"href":"https:\/\/www.soundsystem.world\/pt-br\/wp-json\/wp\/v2\/pages\/6937\/revisions"}],"predecessor-version":[{"id":6951,"href":"https:\/\/www.soundsystem.world\/pt-br\/wp-json\/wp\/v2\/pages\/6937\/revisions\/6951"}],"wp:attachment":[{"href":"https:\/\/www.soundsystem.world\/pt-br\/wp-json\/wp\/v2\/media?parent=6937"}],"curies":[{"name":"wp","href":"https:\/\/api.w.org\/{rel}","templated":true}]}}